{"id":1187,"date":"2024-01-15T17:41:43","date_gmt":"2024-01-15T16:41:43","guid":{"rendered":"https:\/\/luiss94.sg-host.com\/a-equipa\/"},"modified":"2024-01-15T17:41:43","modified_gmt":"2024-01-15T16:41:43","slug":"a-equipa","status":"publish","type":"page","link":"https:\/\/uniquehouses.es\/pt-pt\/a-equipa\/","title":{"rendered":"A equipa"},"content":{"rendered":"\n<div class=\"wp-block-uagb-container uagb-block-7dfc14f2 alignfull uagb-is-root-container\"><div class=\"uagb-container-inner-blocks-wrap\">\n<h2 class=\"wp-block-heading\">A pulsa\u00e7\u00e3o de Unique Houses<\/h2>\n\n\n\n<p>Criamos casas \u00fanicas, com personalidade pr\u00f3pria, pensadas e projetadas para as pessoas que v\u00e3o habit\u00e1-las. E para isso \u00e9 essencial o toque humano que traz para o processo cada uma das pessoas que comp\u00f5em a nossa equipe, desde o primeiro arquiteto at\u00e9 ao \u00faltimo artes\u00e3o. Eles s\u00e3o a pulsa\u00e7\u00e3o que mant\u00e9m o nosso estudo vivo.<\/p>\n\n\n\n<div class=\"wp-block-columns is-layout-flex wp-container-core-columns-is-layout-28f84493 wp-block-columns-is-layout-flex\">\n<div class=\"wp-block-column is-layout-flow wp-block-column-is-layout-flow\">\n<h3 class=\"wp-block-heading\"><strong>Parceiros Fundadores<\/strong><\/h3>\n\n\n\n<h4 class=\"wp-block-heading\"><strong>Javier de la Calzada Rodr\u00edguez-Porrero<\/strong><br>S\u00f3cio Arquiteto<\/h4>\n\n\n\n<h4 class=\"wp-block-heading\"><strong>Mercedes Navarro-Reverter<\/strong><br>S\u00f3cio Diretor<\/h4>\n\n\n\n<h3 class=\"wp-block-heading\"><strong>Equipa de Espanha<\/strong><\/h3>\n\n\n\n<h4 class=\"wp-block-heading\"><strong>Alberto de Pablos<\/strong><br>Rigger<\/h4>\n\n\n\n<h4 class=\"wp-block-heading\"><strong>Vicente Montero<\/strong><br>Rigger<\/h4>\n\n\n\n<h4 class=\"wp-block-heading\"><strong>Alejandro Presa<\/strong><br>Rigger<\/h4>\n\n\n\n<h4 class=\"wp-block-heading\"><strong>Juan Carlos Rosco<\/strong><br>Controle de obra<\/h4>\n\n\n\n<h4 class=\"wp-block-heading\"><strong>Juan Carlos Rosco Jr.<\/strong><br>Controle de obra<\/h4>\n\n\n\n<h4 class=\"wp-block-heading\"><strong>Francisco Pastor Argente<\/strong><br>Diretor de \u00e1rea t\u00e9cnica<\/h4>\n\n\n\n<h4 class=\"wp-block-heading\"><strong>Miguel \u00c1ngel Palomar<\/strong><br>Estrutura<\/h4>\n\n\n\n<h4 class=\"wp-block-heading\"><strong>Raquel Espada<\/strong><br>Administra\u00e7\u00e3o<\/h4>\n<\/div>\n\n\n\n<div class=\"wp-block-column is-layout-flow wp-block-column-is-layout-flow\">\n<h3 class=\"wp-block-heading\"><strong>Equipa de Portugal<\/strong><\/h3>\n\n\n\n<h4 class=\"wp-block-heading\"><strong>Paulo Serra<\/strong><br>S\u00f3cio Diretor<\/h4>\n\n\n\n<h4 class=\"wp-block-heading\"><strong>Ricardo Rosa Santos<\/strong><br>S\u00f3cio Arquiteto<\/h4>\n<\/div>\n<\/div>\n<\/div><\/div>\n","protected":false},"excerpt":{"rendered":"<p>A pulsa\u00e7\u00e3o de Unique Houses Criamos casas \u00fanicas, com personalidade pr\u00f3pria, pensadas e projetadas para as pessoas que v\u00e3o habit\u00e1-las. E para isso \u00e9 essencial o toque humano que traz para o processo cada uma das pessoas que comp\u00f5em a nossa equipe, desde o primeiro arquiteto at\u00e9 ao \u00faltimo artes\u00e3o. Eles s\u00e3o a pulsa\u00e7\u00e3o que [&hellip;]<\/p>\n","protected":false},"author":3,"featured_media":0,"parent":0,"menu_order":0,"comment_status":"closed","ping_status":"closed","template":"","meta":{"_acf_changed":false,"_seopress_robots_primary_cat":"","_seopress_titles_title":"","_seopress_titles_desc":"","_seopress_robots_index":"","inline_featured_image":false,"_uag_custom_page_level_css":"","site-sidebar-layout":"default","site-content-layout":"","ast-site-content-layout":"default","site-content-style":"default","site-sidebar-style":"default","ast-global-header-display":"","ast-banner-title-visibility":"","ast-main-header-display":"","ast-hfb-above-header-display":"","ast-hfb-below-header-display":"","ast-hfb-mobile-header-display":"","site-post-title":"disabled","ast-breadcrumbs-content":"","ast-featured-img":"","footer-sml-layout":"","ast-disable-related-posts":"","theme-transparent-header-meta":"disabled","adv-header-id-meta":"","stick-header-meta":"","header-above-stick-meta":"","header-main-stick-meta":"","header-below-stick-meta":"","astra-migrate-meta-layouts":"default","ast-page-background-enabled":"default","ast-page-background-meta":{"desktop":{"background-color":"var(--ast-global-color-4)","background-image":"","background-repeat":"repeat","background-position":"center center","background-size":"auto","background-attachment":"scroll","background-type":"","background-media":"","overlay-type":"","overlay-color":"","overlay-opacity":"","overlay-gradient":""},"tablet":{"background-color":"","background-image":"","background-repeat":"repeat","background-position":"center center","background-size":"auto","background-attachment":"scroll","background-type":"","background-media":"","overlay-type":"","overlay-color":"","overlay-opacity":"","overlay-gradient":""},"mobile":{"background-color":"","background-image":"","background-repeat":"repeat","background-position":"center center","background-size":"auto","background-attachment":"scroll","background-type":"","background-media":"","overlay-type":"","overlay-color":"","overlay-opacity":"","overlay-gradient":""}},"ast-content-background-meta":{"desktop":{"background-color":"var(--ast-global-color-5)","background-image":"","background-repeat":"repeat","background-position":"center center","background-size":"auto","background-attachment":"scroll","background-type":"","background-media":"","overlay-type":"","overlay-color":"","overlay-opacity":"","overlay-gradient":""},"tablet":{"background-color":"var(--ast-global-color-5)","background-image":"","background-repeat":"repeat","background-position":"center center","background-size":"auto","background-attachment":"scroll","background-type":"","background-media":"","overlay-type":"","overlay-color":"","overlay-opacity":"","overlay-gradient":""},"mobile":{"background-color":"var(--ast-global-color-5)","background-image":"","background-repeat":"repeat","background-position":"center center","background-size":"auto","background-attachment":"scroll","background-type":"","background-media":"","overlay-type":"","overlay-color":"","overlay-opacity":"","overlay-gradient":""}},"footnotes":""},"class_list":["post-1187","page","type-page","status-publish","hentry"],"acf":[],"uagb_featured_image_src":{"full":false,"thumbnail":false,"medium":false,"medium_large":false,"large":false,"1536x1536":false,"2048x2048":false,"gform-image-choice-sm":false,"gform-image-choice-md":false,"gform-image-choice-lg":false},"uagb_author_info":{"display_name":"luigichereguini","author_link":"https:\/\/uniquehouses.es\/pt-pt\/author\/luigichereguini\/"},"uagb_comment_info":0,"uagb_excerpt":"A pulsa\u00e7\u00e3o de Unique Houses Criamos casas \u00fanicas, com personalidade pr\u00f3pria, pensadas e projetadas para as pessoas que v\u00e3o habit\u00e1-las. E para isso \u00e9 essencial o toque humano que traz para o processo cada uma das pessoas que comp\u00f5em a nossa equipe, desde o primeiro arquiteto at\u00e9 ao \u00faltimo artes\u00e3o. Eles s\u00e3o a pulsa\u00e7\u00e3o que&hellip;","_links":{"self":[{"href":"https:\/\/uniquehouses.es\/pt-pt\/wp-json\/wp\/v2\/pages\/1187","targetHints":{"allow":["GET"]}}],"collection":[{"href":"https:\/\/uniquehouses.es\/pt-pt\/wp-json\/wp\/v2\/pages"}],"about":[{"href":"https:\/\/uniquehouses.es\/pt-pt\/wp-json\/wp\/v2\/types\/page"}],"author":[{"embeddable":true,"href":"https:\/\/uniquehouses.es\/pt-pt\/wp-json\/wp\/v2\/users\/3"}],"replies":[{"embeddable":true,"href":"https:\/\/uniquehouses.es\/pt-pt\/wp-json\/wp\/v2\/comments?post=1187"}],"version-history":[{"count":0,"href":"https:\/\/uniquehouses.es\/pt-pt\/wp-json\/wp\/v2\/pages\/1187\/revisions"}],"wp:attachment":[{"href":"https:\/\/uniquehouses.es\/pt-pt\/wp-json\/wp\/v2\/media?parent=1187"}],"curies":[{"name":"wp","href":"https:\/\/api.w.org\/{rel}","templated":true}]}}