{"id":1188,"date":"2024-01-15T17:44:42","date_gmt":"2024-01-15T16:44:42","guid":{"rendered":"https:\/\/luiss94.sg-host.com\/inicio\/"},"modified":"2024-01-15T17:44:42","modified_gmt":"2024-01-15T16:44:42","slug":"inicio","status":"publish","type":"page","link":"https:\/\/uniquehouses.es\/pt-pt\/","title":{"rendered":"Inicio"},"content":{"rendered":"\n<section class=\"wp-block-uagb-container hero hero-portada hero-header-transparente uagb-block-ff6e3d35 alignfull uagb-is-root-container\"><div class=\"uagb-container-inner-blocks-wrap\">\n<div class=\"wp-block-uagb-icon-list uagb-block-6e2fb49a\"><div class=\"uagb-icon-list__wrap\">\n<div class=\"wp-block-uagb-icon-list-child uagb-block-24ad8956\"><a target=\"_self\" aria-label=\"List item\" rel=\"noopener noreferrer\" href=\"#subhero-portada\"> <\/a><span class=\"uagb-icon-list__source-wrap\"><svg xmlns=\"https:\/\/www.w3.org\/2000\/svg\" viewbox=\"0 0 384 512\"><path d=\"M374.6 310.6l-160 160C208.4 476.9 200.2 480 192 480s-16.38-3.125-22.62-9.375l-160-160c-12.5-12.5-12.5-32.75 0-45.25s32.75-12.5 45.25 0L160 370.8V64c0-17.69 14.33-31.1 31.1-31.1S224 46.31 224 64v306.8l105.4-105.4c12.5-12.5 32.75-12.5 45.25 0S387.1 298.1 374.6 310.6z\"><\/path><\/svg><\/span><\/div>\n<\/div><\/div>\n<\/div><\/section>\n\n\n\n<div id=\"subhero-portada\" class=\"wp-block-uagb-container subhero subhero-portada uagb-block-80f3e599 alignfull uagb-is-root-container\"><div class=\"uagb-container-inner-blocks-wrap\">\n<h2 class=\"has-text-align-center wp-block-heading\" id=\"titulo-portada\">EST\u00daDIO DE ARQUITETURA ESPECIALIZADO EM CONSTRU\u00c7\u00c3O INDUSTRIALIZADA<\/h2>\n\n\n\n<p>Unique Houses \u00e9 um est\u00fadio de arquitetura especializado em resid\u00eancias unifamiliares. Assumimos a responsabilidade por todas as fases do processo: design, gest\u00e3o de licen\u00e7as, constru\u00e7\u00e3o e decora\u00e7\u00e3o. Isso d\u00e1-nos o controle total dos acabamentos, permitindo oferecer um servi\u00e7o exclusivo aos nossos clientes.<\/p>\n\n\n\n<p>Desenvolvemos acabamentos \u00fanicos em materiais artesanais: bet\u00e3o, ferro e madeira. Design, ind\u00fastria e artesanato s\u00e3o integrados para que as nossas casas sejam \u00fanicas e respondam \u00e0s necessidades dos nossos clientes.<\/p>\n\n\n\n<p>Produzimos as nossas estruturas de concreto em f\u00e1brica. Isso permite-nos um processo de constru\u00e7\u00e3o mais eficiente, obtendo rendimentos de isolamento e acabamentos muito superiores aos da constru\u00e7\u00e3o tradicional no local. Essa efici\u00eancia se traduz em economia de custos e redu\u00e7\u00e3o de prazos em at\u00e9 50%.<\/p>\n<\/div><\/div>\n\n\n\n<div class=\"wp-block-uagb-container uagb-block-b52d2b33 alignfull uagb-is-root-container\"><div class=\"uagb-container-inner-blocks-wrap\">\n<section class=\"wp-block-query contenedor-galeria-proyectos is-layout-flow wp-block-query-is-layout-flow\"><ul class=\"is-flex-container columns-3 galeria-proyectos wp-block-post-template is-layout-flow wp-block-post-template-is-layout-flow\"><li class=\"wp-block-post post-1203 proyecto type-proyecto status-publish has-post-thumbnail hentry\">\n<figure class=\"imagen-proyecto wp-block-post-featured-image\"><a href=\"https:\/\/uniquehouses.es\/pt-pt\/proyecto\/uma-casa-na-encosta\/\" target=\"_self\"  ><img loading=\"lazy\" decoding=\"async\" width=\"875\" height=\"1400\" src=\"https:\/\/uniquehouses.es\/wp-content\/uploads\/Unique-houses-casa-ladera-ventanal.jpg\" class=\"attachment-post-thumbnail size-post-thumbnail wp-post-image\" alt=\"Uma casa na encosta\" style=\"object-fit:cover;\" srcset=\"https:\/\/uniquehouses.es\/wp-content\/uploads\/Unique-houses-casa-ladera-ventanal.jpg 875w, https:\/\/uniquehouses.es\/wp-content\/uploads\/Unique-houses-casa-ladera-ventanal-480x768.jpg 480w, https:\/\/uniquehouses.es\/wp-content\/uploads\/Unique-houses-casa-ladera-ventanal-576x921.jpg 576w, https:\/\/uniquehouses.es\/wp-content\/uploads\/Unique-houses-casa-ladera-ventanal-340x544.jpg 340w, https:\/\/uniquehouses.es\/wp-content\/uploads\/Unique-houses-casa-ladera-ventanal-768x1229.jpg 768w\" sizes=\"auto, (max-width: 875px) 100vw, 875px\" \/><\/a><\/figure>\n\n<h3 class=\"titulo-proyecto wp-block-post-title has-medium-font-size\"><a href=\"https:\/\/uniquehouses.es\/pt-pt\/proyecto\/uma-casa-na-encosta\/\" target=\"_self\" >Uma casa na encosta<\/a><\/h3>\n<\/li><li class=\"wp-block-post post-1204 proyecto type-proyecto status-publish has-post-thumbnail hentry\">\n<figure class=\"imagen-proyecto wp-block-post-featured-image\"><a href=\"https:\/\/uniquehouses.es\/pt-pt\/proyecto\/uma-casa-no-pantano\/\" target=\"_self\"  ><img loading=\"lazy\" decoding=\"async\" width=\"1400\" height=\"875\" src=\"https:\/\/uniquehouses.es\/wp-content\/uploads\/Unique-huses-casa-pantano.jpg\" class=\"attachment-post-thumbnail size-post-thumbnail wp-post-image\" alt=\"Uma casa no p\u00e2ntano\" style=\"object-fit:cover;\" srcset=\"https:\/\/uniquehouses.es\/wp-content\/uploads\/Unique-huses-casa-pantano.jpg 1400w, https:\/\/uniquehouses.es\/wp-content\/uploads\/Unique-huses-casa-pantano-768x480.jpg 768w, https:\/\/uniquehouses.es\/wp-content\/uploads\/Unique-huses-casa-pantano-921x576.jpg 921w, https:\/\/uniquehouses.es\/wp-content\/uploads\/Unique-huses-casa-pantano-544x340.jpg 544w\" sizes=\"auto, (max-width: 1400px) 100vw, 1400px\" \/><\/a><\/figure>\n\n<h3 class=\"titulo-proyecto wp-block-post-title has-medium-font-size\"><a href=\"https:\/\/uniquehouses.es\/pt-pt\/proyecto\/uma-casa-no-pantano\/\" target=\"_self\" >Uma casa no p\u00e2ntano<\/a><\/h3>\n<\/li><li class=\"wp-block-post post-1205 proyecto type-proyecto status-publish has-post-thumbnail hentry\">\n<figure class=\"imagen-proyecto wp-block-post-featured-image\"><a href=\"https:\/\/uniquehouses.es\/pt-pt\/proyecto\/uma-casa-num-campo-de-golfe\/\" target=\"_self\"  ><img loading=\"lazy\" decoding=\"async\" width=\"600\" height=\"600\" src=\"https:\/\/uniquehouses.es\/wp-content\/uploads\/Unique-Houses-La-Moraleja-portada-movil2.jpg\" class=\"attachment-post-thumbnail size-post-thumbnail wp-post-image\" alt=\"Uma casa num campo de golfe\" style=\"object-fit:cover;\" srcset=\"https:\/\/uniquehouses.es\/wp-content\/uploads\/Unique-Houses-La-Moraleja-portada-movil2.jpg 600w, https:\/\/uniquehouses.es\/wp-content\/uploads\/Unique-Houses-La-Moraleja-portada-movil2-544x544.jpg 544w\" sizes=\"auto, (max-width: 600px) 100vw, 600px\" \/><\/a><\/figure>\n\n<h3 class=\"titulo-proyecto wp-block-post-title has-medium-font-size\"><a href=\"https:\/\/uniquehouses.es\/pt-pt\/proyecto\/uma-casa-num-campo-de-golfe\/\" target=\"_self\" >Uma casa num campo de golfe<\/a><\/h3>\n<\/li><li class=\"wp-block-post post-1206 proyecto type-proyecto status-publish has-post-thumbnail hentry\">\n<figure class=\"imagen-proyecto wp-block-post-featured-image\"><a href=\"https:\/\/uniquehouses.es\/pt-pt\/proyecto\/casa-em-puerta-de-hierro\/\" target=\"_self\"  ><img loading=\"lazy\" decoding=\"async\" width=\"2560\" height=\"1437\" src=\"https:\/\/uniquehouses.es\/wp-content\/uploads\/unique-houses-puerta-hierro2-scaled.jpeg\" class=\"attachment-post-thumbnail size-post-thumbnail wp-post-image\" alt=\"Casa em Puerta de Hierro\" style=\"object-fit:cover;\" srcset=\"https:\/\/uniquehouses.es\/wp-content\/uploads\/unique-houses-puerta-hierro2-scaled.jpeg 2560w, https:\/\/uniquehouses.es\/wp-content\/uploads\/unique-houses-puerta-hierro2-768x431.jpeg 768w, https:\/\/uniquehouses.es\/wp-content\/uploads\/unique-houses-puerta-hierro2-921x517.jpeg 921w, https:\/\/uniquehouses.es\/wp-content\/uploads\/unique-houses-puerta-hierro2-544x305.jpeg 544w, https:\/\/uniquehouses.es\/wp-content\/uploads\/unique-houses-puerta-hierro2-1536x862.jpeg 1536w, https:\/\/uniquehouses.es\/wp-content\/uploads\/unique-houses-puerta-hierro2-2048x1149.jpeg 2048w\" sizes=\"auto, (max-width: 2560px) 100vw, 2560px\" \/><\/a><\/figure>\n\n<h3 class=\"titulo-proyecto wp-block-post-title has-medium-font-size\"><a href=\"https:\/\/uniquehouses.es\/pt-pt\/proyecto\/casa-em-puerta-de-hierro\/\" target=\"_self\" >Casa em Puerta de Hierro<\/a><\/h3>\n<\/li><li class=\"wp-block-post post-1207 proyecto type-proyecto status-publish has-post-thumbnail hentry\">\n<figure class=\"imagen-proyecto wp-block-post-featured-image\"><a href=\"https:\/\/uniquehouses.es\/pt-pt\/proyecto\/uma-casa-eficiente\/\" target=\"_self\"  ><img loading=\"lazy\" decoding=\"async\" width=\"1400\" height=\"875\" src=\"https:\/\/uniquehouses.es\/wp-content\/uploads\/unique-houses-cotos-monterrey.jpg\" class=\"attachment-post-thumbnail size-post-thumbnail wp-post-image\" alt=\"Uma casa eficiente\" style=\"object-fit:cover;\" srcset=\"https:\/\/uniquehouses.es\/wp-content\/uploads\/unique-houses-cotos-monterrey.jpg 1400w, https:\/\/uniquehouses.es\/wp-content\/uploads\/unique-houses-cotos-monterrey-768x480.jpg 768w, https:\/\/uniquehouses.es\/wp-content\/uploads\/unique-houses-cotos-monterrey-921x576.jpg 921w, https:\/\/uniquehouses.es\/wp-content\/uploads\/unique-houses-cotos-monterrey-544x340.jpg 544w\" sizes=\"auto, (max-width: 1400px) 100vw, 1400px\" \/><\/a><\/figure>\n\n<h3 class=\"titulo-proyecto wp-block-post-title has-medium-font-size\"><a href=\"https:\/\/uniquehouses.es\/pt-pt\/proyecto\/uma-casa-eficiente\/\" target=\"_self\" >Uma casa eficiente<\/a><\/h3>\n<\/li><li class=\"wp-block-post post-1208 proyecto type-proyecto status-publish has-post-thumbnail hentry\">\n<figure class=\"imagen-proyecto wp-block-post-featured-image\"><a href=\"https:\/\/uniquehouses.es\/pt-pt\/proyecto\/uma-casa-geminada-no-centro-de-madrid\/\" target=\"_self\"  ><img loading=\"lazy\" decoding=\"async\" width=\"1400\" height=\"875\" src=\"https:\/\/uniquehouses.es\/wp-content\/uploads\/unique-houses-vivienda-adosada-madrid-portada.jpg\" class=\"attachment-post-thumbnail size-post-thumbnail wp-post-image\" alt=\"Uma casa geminada no centro de Madrid\" style=\"object-fit:cover;\" srcset=\"https:\/\/uniquehouses.es\/wp-content\/uploads\/unique-houses-vivienda-adosada-madrid-portada.jpg 1400w, https:\/\/uniquehouses.es\/wp-content\/uploads\/unique-houses-vivienda-adosada-madrid-portada-768x480.jpg 768w, https:\/\/uniquehouses.es\/wp-content\/uploads\/unique-houses-vivienda-adosada-madrid-portada-921x576.jpg 921w, https:\/\/uniquehouses.es\/wp-content\/uploads\/unique-houses-vivienda-adosada-madrid-portada-544x340.jpg 544w\" sizes=\"auto, (max-width: 1400px) 100vw, 1400px\" \/><\/a><\/figure>\n\n<h3 class=\"titulo-proyecto wp-block-post-title has-medium-font-size\"><a href=\"https:\/\/uniquehouses.es\/pt-pt\/proyecto\/uma-casa-geminada-no-centro-de-madrid\/\" target=\"_self\" >Uma casa geminada no centro de Madrid<\/a><\/h3>\n<\/li><li class=\"wp-block-post post-1210 proyecto type-proyecto status-publish has-post-thumbnail hentry\">\n<figure class=\"imagen-proyecto wp-block-post-featured-image\"><a href=\"https:\/\/uniquehouses.es\/pt-pt\/proyecto\/um-lote-triangular\/\" target=\"_self\"  ><img loading=\"lazy\" decoding=\"async\" width=\"1400\" height=\"875\" src=\"https:\/\/uniquehouses.es\/wp-content\/uploads\/Unique-houses-parcela-triangular-portada.jpg\" class=\"attachment-post-thumbnail size-post-thumbnail wp-post-image\" alt=\"Um lote triangular\" style=\"object-fit:cover;\" srcset=\"https:\/\/uniquehouses.es\/wp-content\/uploads\/Unique-houses-parcela-triangular-portada.jpg 1400w, https:\/\/uniquehouses.es\/wp-content\/uploads\/Unique-houses-parcela-triangular-portada-768x480.jpg 768w, https:\/\/uniquehouses.es\/wp-content\/uploads\/Unique-houses-parcela-triangular-portada-921x576.jpg 921w, https:\/\/uniquehouses.es\/wp-content\/uploads\/Unique-houses-parcela-triangular-portada-544x340.jpg 544w\" sizes=\"auto, (max-width: 1400px) 100vw, 1400px\" \/><\/a><\/figure>\n\n<h3 class=\"titulo-proyecto wp-block-post-title has-medium-font-size\"><a href=\"https:\/\/uniquehouses.es\/pt-pt\/proyecto\/um-lote-triangular\/\" target=\"_self\" >Um lote triangular<\/a><\/h3>\n<\/li><li class=\"wp-block-post post-1211 proyecto type-proyecto status-publish has-post-thumbnail hentry\">\n<figure class=\"imagen-proyecto wp-block-post-featured-image\"><a href=\"https:\/\/uniquehouses.es\/pt-pt\/proyecto\/una-grande-morada-junto-ao-mar\/\" target=\"_self\"  ><img loading=\"lazy\" decoding=\"async\" width=\"1400\" height=\"875\" src=\"https:\/\/uniquehouses.es\/wp-content\/uploads\/Unique-Houses-Proyecto5-1.jpg\" class=\"attachment-post-thumbnail size-post-thumbnail wp-post-image\" alt=\"Una grande morada junto ao mar\" style=\"object-fit:cover;\" srcset=\"https:\/\/uniquehouses.es\/wp-content\/uploads\/Unique-Houses-Proyecto5-1.jpg 1400w, https:\/\/uniquehouses.es\/wp-content\/uploads\/Unique-Houses-Proyecto5-1-768x480.jpg 768w, https:\/\/uniquehouses.es\/wp-content\/uploads\/Unique-Houses-Proyecto5-1-921x576.jpg 921w, https:\/\/uniquehouses.es\/wp-content\/uploads\/Unique-Houses-Proyecto5-1-544x340.jpg 544w\" sizes=\"auto, (max-width: 1400px) 100vw, 1400px\" \/><\/a><\/figure>\n\n<h3 class=\"titulo-proyecto wp-block-post-title has-medium-font-size\"><a href=\"https:\/\/uniquehouses.es\/pt-pt\/proyecto\/una-grande-morada-junto-ao-mar\/\" target=\"_self\" >Una grande morada junto ao mar<\/a><\/h3>\n<\/li><li class=\"wp-block-post post-1212 proyecto type-proyecto status-publish has-post-thumbnail hentry\">\n<figure class=\"imagen-proyecto wp-block-post-featured-image\"><a href=\"https:\/\/uniquehouses.es\/pt-pt\/proyecto\/urbanizacao-arroyo-de-la-vega\/\" target=\"_self\"  ><img loading=\"lazy\" decoding=\"async\" width=\"2048\" height=\"1369\" src=\"https:\/\/uniquehouses.es\/wp-content\/uploads\/Camara-01.webp\" class=\"attachment-post-thumbnail size-post-thumbnail wp-post-image\" alt=\"Urbaniza\u00e7\u00e3o Arroyo de la Vega\" style=\"object-fit:cover;\" srcset=\"https:\/\/uniquehouses.es\/wp-content\/uploads\/Camara-01.webp 2048w, https:\/\/uniquehouses.es\/wp-content\/uploads\/Camara-01-768x513.webp 768w, https:\/\/uniquehouses.es\/wp-content\/uploads\/Camara-01-921x616.webp 921w, https:\/\/uniquehouses.es\/wp-content\/uploads\/Camara-01-544x364.webp 544w, https:\/\/uniquehouses.es\/wp-content\/uploads\/Camara-01-1536x1027.webp 1536w\" sizes=\"auto, (max-width: 2048px) 100vw, 2048px\" \/><\/a><\/figure>\n\n<h3 class=\"titulo-proyecto wp-block-post-title has-medium-font-size\"><a href=\"https:\/\/uniquehouses.es\/pt-pt\/proyecto\/urbanizacao-arroyo-de-la-vega\/\" target=\"_self\" >Urbaniza\u00e7\u00e3o Arroyo de la Vega<\/a><\/h3>\n<\/li><li class=\"wp-block-post post-1213 proyecto type-proyecto status-publish has-post-thumbnail hentry\">\n<figure class=\"imagen-proyecto wp-block-post-featured-image\"><a href=\"https:\/\/uniquehouses.es\/pt-pt\/proyecto\/novo-estilo-industrial\/\" target=\"_self\"  ><img loading=\"lazy\" decoding=\"async\" width=\"1400\" height=\"875\" src=\"https:\/\/uniquehouses.es\/wp-content\/uploads\/unique-houses-dos-portada.jpg\" class=\"attachment-post-thumbnail size-post-thumbnail wp-post-image\" alt=\"Novo estilo industrial\" style=\"object-fit:cover;\" srcset=\"https:\/\/uniquehouses.es\/wp-content\/uploads\/unique-houses-dos-portada.jpg 1400w, https:\/\/uniquehouses.es\/wp-content\/uploads\/unique-houses-dos-portada-768x480.jpg 768w, https:\/\/uniquehouses.es\/wp-content\/uploads\/unique-houses-dos-portada-921x576.jpg 921w, https:\/\/uniquehouses.es\/wp-content\/uploads\/unique-houses-dos-portada-544x340.jpg 544w\" sizes=\"auto, (max-width: 1400px) 100vw, 1400px\" \/><\/a><\/figure>\n\n<h3 class=\"titulo-proyecto wp-block-post-title has-medium-font-size\"><a href=\"https:\/\/uniquehouses.es\/pt-pt\/proyecto\/novo-estilo-industrial\/\" target=\"_self\" >Novo estilo industrial<\/a><\/h3>\n<\/li><li class=\"wp-block-post post-1214 proyecto type-proyecto status-publish has-post-thumbnail hentry\">\n<figure class=\"imagen-proyecto wp-block-post-featured-image\"><a href=\"https:\/\/uniquehouses.es\/pt-pt\/proyecto\/nova-casa-em-puerto-pollensa\/\" target=\"_self\"  ><img loading=\"lazy\" decoding=\"async\" width=\"1400\" height=\"776\" src=\"https:\/\/uniquehouses.es\/wp-content\/uploads\/unique-houses-puerto-pollensa.jpg\" class=\"attachment-post-thumbnail size-post-thumbnail wp-post-image\" alt=\"Nova casa em Puerto Pollensa\" style=\"object-fit:cover;\" srcset=\"https:\/\/uniquehouses.es\/wp-content\/uploads\/unique-houses-puerto-pollensa.jpg 1400w, https:\/\/uniquehouses.es\/wp-content\/uploads\/unique-houses-puerto-pollensa-768x426.jpg 768w, https:\/\/uniquehouses.es\/wp-content\/uploads\/unique-houses-puerto-pollensa-921x510.jpg 921w, https:\/\/uniquehouses.es\/wp-content\/uploads\/unique-houses-puerto-pollensa-544x302.jpg 544w\" sizes=\"auto, (max-width: 1400px) 100vw, 1400px\" \/><\/a><\/figure>\n\n<h3 class=\"titulo-proyecto wp-block-post-title has-medium-font-size\"><a href=\"https:\/\/uniquehouses.es\/pt-pt\/proyecto\/nova-casa-em-puerto-pollensa\/\" target=\"_self\" >Nova casa em Puerto Pollensa<\/a><\/h3>\n<\/li><li class=\"wp-block-post post-1215 proyecto type-proyecto status-publish has-post-thumbnail hentry\">\n<figure class=\"imagen-proyecto wp-block-post-featured-image\"><a href=\"https:\/\/uniquehouses.es\/pt-pt\/proyecto\/luxo-em-maiorca\/\" target=\"_self\"  ><img loading=\"lazy\" decoding=\"async\" width=\"1400\" height=\"875\" src=\"https:\/\/uniquehouses.es\/wp-content\/uploads\/unique-houses-lujo-mallorca-2.jpg\" class=\"attachment-post-thumbnail size-post-thumbnail wp-post-image\" alt=\"Luxo em Maiorca\" style=\"object-fit:cover;\" srcset=\"https:\/\/uniquehouses.es\/wp-content\/uploads\/unique-houses-lujo-mallorca-2.jpg 1400w, https:\/\/uniquehouses.es\/wp-content\/uploads\/unique-houses-lujo-mallorca-2-768x480.jpg 768w, https:\/\/uniquehouses.es\/wp-content\/uploads\/unique-houses-lujo-mallorca-2-921x576.jpg 921w, https:\/\/uniquehouses.es\/wp-content\/uploads\/unique-houses-lujo-mallorca-2-544x340.jpg 544w\" sizes=\"auto, (max-width: 1400px) 100vw, 1400px\" \/><\/a><\/figure>\n\n<h3 class=\"titulo-proyecto wp-block-post-title has-medium-font-size\"><a href=\"https:\/\/uniquehouses.es\/pt-pt\/proyecto\/luxo-em-maiorca\/\" target=\"_self\" >Luxo em Maiorca<\/a><\/h3>\n<\/li><\/ul><\/section>\n\n\n\n<div class=\"wp-block-uagb-buttons uagb-buttons__outer-wrap uagb-btn__default-btn uagb-btn-tablet__default-btn uagb-btn-mobile__default-btn uagb-block-33ce23bf\"><div class=\"uagb-buttons__wrap uagb-buttons-layout-wrap\">\n<div class=\"wp-block-uagb-buttons-child uagb-buttons__outer-wrap uagb-block-989be0ba wp-block-button is-style-outline\"><div class=\"uagb-button__wrapper\"><a class=\"uagb-buttons-repeater wp-block-button__link has-background has-text-color\" href=\"\/proyectos\" rel=\"follow noopener\" target=\"_self\"><div class=\"uagb-button__link\">VEJA MAIS PROJETOS<\/div><span class=\"uagb-button__icon uagb-button__icon-position-after\"><svg xmlns=\"https:\/\/www.w3.org\/2000\/svg\" viewbox=\"0 0 448 512\"><path d=\"M438.6 278.6l-160 160C272.4 444.9 264.2 448 256 448s-16.38-3.125-22.62-9.375c-12.5-12.5-12.5-32.75 0-45.25L338.8 288H32C14.33 288 .0016 273.7 .0016 256S14.33 224 32 224h306.8l-105.4-105.4c-12.5-12.5-12.5-32.75 0-45.25s32.75-12.5 45.25 0l160 160C451.1 245.9 451.1 266.1 438.6 278.6z\"><\/path><\/svg><\/span><\/a><\/div><\/div>\n<\/div><\/div>\n<\/div><\/div>\n","protected":false},"excerpt":{"rendered":"<p>EST\u00daDIO DE ARQUITETURA ESPECIALIZADO EM CONSTRU\u00c7\u00c3O INDUSTRIALIZADA Unique Houses \u00e9 um est\u00fadio de arquitetura especializado em resid\u00eancias unifamiliares. Assumimos a responsabilidade por todas as fases do processo: design, gest\u00e3o de licen\u00e7as, constru\u00e7\u00e3o e decora\u00e7\u00e3o. Isso d\u00e1-nos o controle total dos acabamentos, permitindo oferecer um servi\u00e7o exclusivo aos nossos clientes. Desenvolvemos acabamentos \u00fanicos em materiais artesanais: [&hellip;]<\/p>\n","protected":false},"author":3,"featured_media":0,"parent":0,"menu_order":0,"comment_status":"closed","ping_status":"closed","template":"","meta":{"_acf_changed":false,"_seopress_robots_primary_cat":"","_seopress_titles_title":"","_seopress_titles_desc":"","_seopress_robots_index":"","inline_featured_image":false,"_uag_custom_page_level_css":"","site-sidebar-layout":"default","site-content-layout":"","ast-site-content-layout":"default","site-content-style":"default","site-sidebar-style":"default","ast-global-header-display":"","ast-banner-title-visibility":"","ast-main-header-display":"","ast-hfb-above-header-display":"","ast-hfb-below-header-display":"","ast-hfb-mobile-header-display":"","site-post-title":"disabled","ast-breadcrumbs-content":"","ast-featured-img":"","footer-sml-layout":"","ast-disable-related-posts":"","theme-transparent-header-meta":"","adv-header-id-meta":"","stick-header-meta":"","header-above-stick-meta":"","header-main-stick-meta":"","header-below-stick-meta":"","astra-migrate-meta-layouts":"default","ast-page-background-enabled":"default","ast-page-background-meta":{"desktop":{"background-color":"var(--ast-global-color-4)","background-image":"","background-repeat":"repeat","background-position":"center center","background-size":"auto","background-attachment":"scroll","background-type":"","background-media":"","overlay-type":"","overlay-color":"","overlay-opacity":"","overlay-gradient":""},"tablet":{"background-color":"","background-image":"","background-repeat":"repeat","background-position":"center center","background-size":"auto","background-attachment":"scroll","background-type":"","background-media":"","overlay-type":"","overlay-color":"","overlay-opacity":"","overlay-gradient":""},"mobile":{"background-color":"","background-image":"","background-repeat":"repeat","background-position":"center center","background-size":"auto","background-attachment":"scroll","background-type":"","background-media":"","overlay-type":"","overlay-color":"","overlay-opacity":"","overlay-gradient":""}},"ast-content-background-meta":{"desktop":{"background-color":"var(--ast-global-color-5)","background-image":"","background-repeat":"repeat","background-position":"center center","background-size":"auto","background-attachment":"scroll","background-type":"","background-media":"","overlay-type":"","overlay-color":"","overlay-opacity":"","overlay-gradient":""},"tablet":{"background-color":"var(--ast-global-color-5)","background-image":"","background-repeat":"repeat","background-position":"center center","background-size":"auto","background-attachment":"scroll","background-type":"","background-media":"","overlay-type":"","overlay-color":"","overlay-opacity":"","overlay-gradient":""},"mobile":{"background-color":"var(--ast-global-color-5)","background-image":"","background-repeat":"repeat","background-position":"center center","background-size":"auto","background-attachment":"scroll","background-type":"","background-media":"","overlay-type":"","overlay-color":"","overlay-opacity":"","overlay-gradient":""}},"footnotes":""},"class_list":["post-1188","page","type-page","status-publish","hentry"],"acf":[],"uagb_featured_image_src":{"full":false,"thumbnail":false,"medium":false,"medium_large":false,"large":false,"1536x1536":false,"2048x2048":false,"gform-image-choice-sm":false,"gform-image-choice-md":false,"gform-image-choice-lg":false},"uagb_author_info":{"display_name":"luigichereguini","author_link":"https:\/\/uniquehouses.es\/pt-pt\/author\/luigichereguini\/"},"uagb_comment_info":0,"uagb_excerpt":"EST\u00daDIO DE ARQUITETURA ESPECIALIZADO EM CONSTRU\u00c7\u00c3O INDUSTRIALIZADA Unique Houses \u00e9 um est\u00fadio de arquitetura especializado em resid\u00eancias unifamiliares. Assumimos a responsabilidade por todas as fases do processo: design, gest\u00e3o de licen\u00e7as, constru\u00e7\u00e3o e decora\u00e7\u00e3o. Isso d\u00e1-nos o controle total dos acabamentos, permitindo oferecer um servi\u00e7o exclusivo aos nossos clientes. Desenvolvemos acabamentos \u00fanicos em materiais artesanais:&hellip;","_links":{"self":[{"href":"https:\/\/uniquehouses.es\/pt-pt\/wp-json\/wp\/v2\/pages\/1188","targetHints":{"allow":["GET"]}}],"collection":[{"href":"https:\/\/uniquehouses.es\/pt-pt\/wp-json\/wp\/v2\/pages"}],"about":[{"href":"https:\/\/uniquehouses.es\/pt-pt\/wp-json\/wp\/v2\/types\/page"}],"author":[{"embeddable":true,"href":"https:\/\/uniquehouses.es\/pt-pt\/wp-json\/wp\/v2\/users\/3"}],"replies":[{"embeddable":true,"href":"https:\/\/uniquehouses.es\/pt-pt\/wp-json\/wp\/v2\/comments?post=1188"}],"version-history":[{"count":0,"href":"https:\/\/uniquehouses.es\/pt-pt\/wp-json\/wp\/v2\/pages\/1188\/revisions"}],"wp:attachment":[{"href":"https:\/\/uniquehouses.es\/pt-pt\/wp-json\/wp\/v2\/media?parent=1188"}],"curies":[{"name":"wp","href":"https:\/\/api.w.org\/{rel}","templated":true}]}}