{"id":1194,"date":"2024-01-15T17:49:48","date_gmt":"2024-01-15T16:49:48","guid":{"rendered":"https:\/\/luiss94.sg-host.com\/modelos\/modelo-c\/"},"modified":"2024-01-15T17:49:49","modified_gmt":"2024-01-15T16:49:49","slug":"modelo-c","status":"publish","type":"page","link":"https:\/\/uniquehouses.es\/pt-pt\/modelos\/modelo-c\/","title":{"rendered":"Modelo C"},"content":{"rendered":"\n<section class=\"wp-block-uagb-container hero hero-proyecto hero-header-transparente uagb-block-58ec5e1c alignfull uagb-is-root-container\"><div class=\"uagb-container-inner-blocks-wrap\"><\/div><\/section>\n\n\n\n<div class=\"wp-block-uagb-container bloque bloque-sub-hero texto-proyecto aparecer-subiendo uagb-block-049b1f75 default uagb-is-root-container\">\n<h1 class=\"wp-block-heading\">MODELO C<\/h1>\n\n\n\n<p>Sua ess\u00eancia est\u00e1 no p\u00e9 direito duplo da sala e nas grandes janelas. A fachada falsa cria um terra\u00e7o sombreado e protege do sol. A fachada falsa cria um terra\u00e7o sombreado e protege do sol.<\/p>\n<\/div>\n\n\n\n<div class=\"wp-block-uagb-container uagb-block-969d4375 alignfull uagb-is-root-container\"><div class=\"uagb-container-inner-blocks-wrap\">\n<figure class=\"wp-block-gallery has-nested-images columns-default is-cropped galeria galeria-proyecto wp-block-gallery-1 is-layout-flex wp-block-gallery-is-layout-flex\">\n<figure class=\"wp-block-image size-large\"><a href=\"https:\/\/uniquehouses.es\/wp-content\/uploads\/Unique-Houses-Modelo-C-blanca.jpg\" data-lbwps-width=\"1400\" data-lbwps-height=\"656\" data-lbwps-srcsmall=\"https:\/\/uniquehouses.es\/wp-content\/uploads\/Unique-Houses-Modelo-C-blanca-544x255.jpg\"><img loading=\"lazy\" decoding=\"async\" width=\"921\" height=\"432\" data-id=\"955\" src=\"https:\/\/uniquehouses.es\/wp-content\/uploads\/Unique-Houses-Modelo-C-blanca-921x432.jpg\" alt=\"Unique Houses Modelo C Blanca\" class=\"wp-image-955\" srcset=\"https:\/\/uniquehouses.es\/wp-content\/uploads\/Unique-Houses-Modelo-C-blanca-921x432.jpg 921w, https:\/\/uniquehouses.es\/wp-content\/uploads\/Unique-Houses-Modelo-C-blanca-768x360.jpg 768w, https:\/\/uniquehouses.es\/wp-content\/uploads\/Unique-Houses-Modelo-C-blanca-544x255.jpg 544w, https:\/\/uniquehouses.es\/wp-content\/uploads\/Unique-Houses-Modelo-C-blanca.jpg 1400w\" sizes=\"auto, (max-width: 921px) 100vw, 921px\" \/><\/a><figcaption class=\"wp-element-caption\">Unique Houses Modelo C Blanca<\/figcaption><\/figure>\n\n\n\n<figure class=\"wp-block-image size-large\"><a href=\"https:\/\/uniquehouses.es\/wp-content\/uploads\/Unique-Houses-Modelo-C-hormigon.jpg\" data-lbwps-width=\"1400\" data-lbwps-height=\"656\" data-lbwps-srcsmall=\"https:\/\/uniquehouses.es\/wp-content\/uploads\/Unique-Houses-Modelo-C-hormigon-544x255.jpg\"><img loading=\"lazy\" decoding=\"async\" width=\"921\" height=\"432\" data-id=\"970\" src=\"https:\/\/uniquehouses.es\/wp-content\/uploads\/Unique-Houses-Modelo-C-hormigon-921x432.jpg\" alt=\"Unique Houses Modelo C Hormigon\" class=\"wp-image-970\" srcset=\"https:\/\/uniquehouses.es\/wp-content\/uploads\/Unique-Houses-Modelo-C-hormigon-921x432.jpg 921w, https:\/\/uniquehouses.es\/wp-content\/uploads\/Unique-Houses-Modelo-C-hormigon-768x360.jpg 768w, https:\/\/uniquehouses.es\/wp-content\/uploads\/Unique-Houses-Modelo-C-hormigon-544x255.jpg 544w, https:\/\/uniquehouses.es\/wp-content\/uploads\/Unique-Houses-Modelo-C-hormigon.jpg 1400w\" sizes=\"auto, (max-width: 921px) 100vw, 921px\" \/><\/a><figcaption class=\"wp-element-caption\">Unique Houses Modelo C Hormigon<\/figcaption><\/figure>\n\n\n\n<figure class=\"wp-block-image size-large\"><a href=\"https:\/\/uniquehouses.es\/wp-content\/uploads\/Unique-Houses-Modelo-C-negro-1.jpg\" data-lbwps-width=\"1400\" data-lbwps-height=\"656\" data-lbwps-srcsmall=\"https:\/\/uniquehouses.es\/wp-content\/uploads\/Unique-Houses-Modelo-C-negro-1-544x255.jpg\"><img loading=\"lazy\" decoding=\"async\" width=\"921\" height=\"432\" data-id=\"973\" src=\"https:\/\/uniquehouses.es\/wp-content\/uploads\/Unique-Houses-Modelo-C-negro-1-921x432.jpg\" alt=\"Unique Houses Modelo C Negro 1\" class=\"wp-image-973\" srcset=\"https:\/\/uniquehouses.es\/wp-content\/uploads\/Unique-Houses-Modelo-C-negro-1-921x432.jpg 921w, https:\/\/uniquehouses.es\/wp-content\/uploads\/Unique-Houses-Modelo-C-negro-1-768x360.jpg 768w, https:\/\/uniquehouses.es\/wp-content\/uploads\/Unique-Houses-Modelo-C-negro-1-544x255.jpg 544w, https:\/\/uniquehouses.es\/wp-content\/uploads\/Unique-Houses-Modelo-C-negro-1.jpg 1400w\" sizes=\"auto, (max-width: 921px) 100vw, 921px\" \/><\/a><figcaption class=\"wp-element-caption\">Unique Houses Modelo C Negro 1<\/figcaption><\/figure>\n\n\n\n<figure class=\"wp-block-image size-large\"><a href=\"https:\/\/uniquehouses.es\/wp-content\/uploads\/Unique-Houses-Modelo-C-blanca-2.jpg\" data-lbwps-width=\"1400\" data-lbwps-height=\"656\" data-lbwps-srcsmall=\"https:\/\/uniquehouses.es\/wp-content\/uploads\/Unique-Houses-Modelo-C-blanca-2-544x255.jpg\"><img loading=\"lazy\" decoding=\"async\" width=\"921\" height=\"432\" data-id=\"964\" src=\"https:\/\/uniquehouses.es\/wp-content\/uploads\/Unique-Houses-Modelo-C-blanca-2-921x432.jpg\" alt=\"Unique Houses Modelo C Blanca 2\" class=\"wp-image-964\" srcset=\"https:\/\/uniquehouses.es\/wp-content\/uploads\/Unique-Houses-Modelo-C-blanca-2-921x432.jpg 921w, https:\/\/uniquehouses.es\/wp-content\/uploads\/Unique-Houses-Modelo-C-blanca-2-768x360.jpg 768w, https:\/\/uniquehouses.es\/wp-content\/uploads\/Unique-Houses-Modelo-C-blanca-2-544x255.jpg 544w, https:\/\/uniquehouses.es\/wp-content\/uploads\/Unique-Houses-Modelo-C-blanca-2.jpg 1400w\" sizes=\"auto, (max-width: 921px) 100vw, 921px\" \/><\/a><figcaption class=\"wp-element-caption\">Unique Houses Modelo C Blanca 2<\/figcaption><\/figure>\n\n\n\n<figure class=\"wp-block-image size-large\"><a href=\"https:\/\/uniquehouses.es\/wp-content\/uploads\/Unique-Houses-Modelo-C-hormigon-2.jpg\" data-lbwps-width=\"1400\" data-lbwps-height=\"656\" data-lbwps-srcsmall=\"https:\/\/uniquehouses.es\/wp-content\/uploads\/Unique-Houses-Modelo-C-hormigon-2-544x255.jpg\"><img loading=\"lazy\" decoding=\"async\" width=\"921\" height=\"432\" data-id=\"976\" src=\"https:\/\/uniquehouses.es\/wp-content\/uploads\/Unique-Houses-Modelo-C-hormigon-2-921x432.jpg\" alt=\"Unique Houses Modelo C Hormigon 2\" class=\"wp-image-976\" srcset=\"https:\/\/uniquehouses.es\/wp-content\/uploads\/Unique-Houses-Modelo-C-hormigon-2-921x432.jpg 921w, https:\/\/uniquehouses.es\/wp-content\/uploads\/Unique-Houses-Modelo-C-hormigon-2-768x360.jpg 768w, https:\/\/uniquehouses.es\/wp-content\/uploads\/Unique-Houses-Modelo-C-hormigon-2-544x255.jpg 544w, https:\/\/uniquehouses.es\/wp-content\/uploads\/Unique-Houses-Modelo-C-hormigon-2.jpg 1400w\" sizes=\"auto, (max-width: 921px) 100vw, 921px\" \/><\/a><figcaption class=\"wp-element-caption\">Unique Houses Modelo C Hormigon 2<\/figcaption><\/figure>\n\n\n\n<figure class=\"wp-block-image size-large\"><a href=\"https:\/\/uniquehouses.es\/wp-content\/uploads\/Unique-Houses-Modelo-C-negro.jpg\" data-lbwps-width=\"1400\" data-lbwps-height=\"656\" data-lbwps-srcsmall=\"https:\/\/uniquehouses.es\/wp-content\/uploads\/Unique-Houses-Modelo-C-negro-544x255.jpg\"><img loading=\"lazy\" decoding=\"async\" width=\"921\" height=\"432\" data-id=\"967\" src=\"https:\/\/uniquehouses.es\/wp-content\/uploads\/Unique-Houses-Modelo-C-negro-921x432.jpg\" alt=\"Unique Houses Modelo C Negro\" class=\"wp-image-967\" srcset=\"https:\/\/uniquehouses.es\/wp-content\/uploads\/Unique-Houses-Modelo-C-negro-921x432.jpg 921w, https:\/\/uniquehouses.es\/wp-content\/uploads\/Unique-Houses-Modelo-C-negro-768x360.jpg 768w, https:\/\/uniquehouses.es\/wp-content\/uploads\/Unique-Houses-Modelo-C-negro-544x255.jpg 544w, https:\/\/uniquehouses.es\/wp-content\/uploads\/Unique-Houses-Modelo-C-negro.jpg 1400w\" sizes=\"auto, (max-width: 921px) 100vw, 921px\" \/><\/a><figcaption class=\"wp-element-caption\">Unique Houses Modelo C Negro<\/figcaption><\/figure>\n\n\n\n<figure class=\"wp-block-image size-large\"><a href=\"https:\/\/uniquehouses.es\/wp-content\/uploads\/Unique-Houses-Modelo-C-interior.jpg\" data-lbwps-width=\"1400\" data-lbwps-height=\"1266\" data-lbwps-srcsmall=\"https:\/\/uniquehouses.es\/wp-content\/uploads\/Unique-Houses-Modelo-C-interior-544x492.jpg\"><img loading=\"lazy\" decoding=\"async\" width=\"921\" height=\"833\" data-id=\"958\" src=\"https:\/\/uniquehouses.es\/wp-content\/uploads\/Unique-Houses-Modelo-C-interior-921x833.jpg\" alt=\"Unique Houses Modelo C Interior\" class=\"wp-image-958\" srcset=\"https:\/\/uniquehouses.es\/wp-content\/uploads\/Unique-Houses-Modelo-C-interior-921x833.jpg 921w, https:\/\/uniquehouses.es\/wp-content\/uploads\/Unique-Houses-Modelo-C-interior-768x694.jpg 768w, https:\/\/uniquehouses.es\/wp-content\/uploads\/Unique-Houses-Modelo-C-interior-544x492.jpg 544w, https:\/\/uniquehouses.es\/wp-content\/uploads\/Unique-Houses-Modelo-C-interior.jpg 1400w\" sizes=\"auto, (max-width: 921px) 100vw, 921px\" \/><\/a><figcaption class=\"wp-element-caption\">Unique Houses Modelo C Interior<\/figcaption><\/figure>\n\n\n\n<figure class=\"wp-block-image size-large\"><a href=\"https:\/\/uniquehouses.es\/wp-content\/uploads\/Unique-Houses-Modelo-C-interior-2.jpg\" data-lbwps-width=\"1400\" data-lbwps-height=\"1267\" data-lbwps-srcsmall=\"https:\/\/uniquehouses.es\/wp-content\/uploads\/Unique-Houses-Modelo-C-interior-2-544x492.jpg\"><img loading=\"lazy\" decoding=\"async\" width=\"921\" height=\"834\" data-id=\"961\" src=\"https:\/\/uniquehouses.es\/wp-content\/uploads\/Unique-Houses-Modelo-C-interior-2-921x834.jpg\" alt=\"Unique Houses Modelo C Interior 2\" class=\"wp-image-961\" srcset=\"https:\/\/uniquehouses.es\/wp-content\/uploads\/Unique-Houses-Modelo-C-interior-2-921x834.jpg 921w, https:\/\/uniquehouses.es\/wp-content\/uploads\/Unique-Houses-Modelo-C-interior-2-768x695.jpg 768w, https:\/\/uniquehouses.es\/wp-content\/uploads\/Unique-Houses-Modelo-C-interior-2-544x492.jpg 544w, https:\/\/uniquehouses.es\/wp-content\/uploads\/Unique-Houses-Modelo-C-interior-2.jpg 1400w\" sizes=\"auto, (max-width: 921px) 100vw, 921px\" \/><\/a><figcaption class=\"wp-element-caption\">Unique Houses Modelo C Interior 2<\/figcaption><\/figure>\n<\/figure>\n<\/div><\/div>\n","protected":false},"excerpt":{"rendered":"<p>MODELO C Sua ess\u00eancia est\u00e1 no p\u00e9 direito duplo da sala e nas grandes janelas. A fachada falsa cria um terra\u00e7o sombreado e protege do sol. A fachada falsa cria um terra\u00e7o sombreado e protege do sol.<\/p>\n","protected":false},"author":3,"featured_media":957,"parent":1189,"menu_order":0,"comment_status":"closed","ping_status":"closed","template":"","meta":{"_acf_changed":false,"_seopress_robots_primary_cat":"","_seopress_titles_title":"","_seopress_titles_desc":"","_seopress_robots_index":"","inline_featured_image":false,"_uag_custom_page_level_css":"","site-sidebar-layout":"default","site-content-layout":"","ast-site-content-layout":"default","site-content-style":"default","site-sidebar-style":"default","ast-global-header-display":"","ast-banner-title-visibility":"","ast-main-header-display":"","ast-hfb-above-header-display":"","ast-hfb-below-header-display":"","ast-hfb-mobile-header-display":"","site-post-title":"disabled","ast-breadcrumbs-content":"","ast-featured-img":"disabled","footer-sml-layout":"","ast-disable-related-posts":"","theme-transparent-header-meta":"","adv-header-id-meta":"","stick-header-meta":"","header-above-stick-meta":"","header-main-stick-meta":"","header-below-stick-meta":"","astra-migrate-meta-layouts":"default","ast-page-background-enabled":"default","ast-page-background-meta":{"desktop":{"background-color":"var(--ast-global-color-4)","background-image":"","background-repeat":"repeat","background-position":"center center","background-size":"auto","background-attachment":"scroll","background-type":"","background-media":"","overlay-type":"","overlay-color":"","overlay-opacity":"","overlay-gradient":""},"tablet":{"background-color":"","background-image":"","background-repeat":"repeat","background-position":"center center","background-size":"auto","background-attachment":"scroll","background-type":"","background-media":"","overlay-type":"","overlay-color":"","overlay-opacity":"","overlay-gradient":""},"mobile":{"background-color":"","background-image":"","background-repeat":"repeat","background-position":"center center","background-size":"auto","background-attachment":"scroll","background-type":"","background-media":"","overlay-type":"","overlay-color":"","overlay-opacity":"","overlay-gradient":""}},"ast-content-background-meta":{"desktop":{"background-color":"var(--ast-global-color-5)","background-image":"","background-repeat":"repeat","background-position":"center center","background-size":"auto","background-attachment":"scroll","background-type":"","background-media":"","overlay-type":"","overlay-color":"","overlay-opacity":"","overlay-gradient":""},"tablet":{"background-color":"var(--ast-global-color-5)","background-image":"","background-repeat":"repeat","background-position":"center center","background-size":"auto","background-attachment":"scroll","background-type":"","background-media":"","overlay-type":"","overlay-color":"","overlay-opacity":"","overlay-gradient":""},"mobile":{"background-color":"var(--ast-global-color-5)","background-image":"","background-repeat":"repeat","background-position":"center center","background-size":"auto","background-attachment":"scroll","background-type":"","background-media":"","overlay-type":"","overlay-color":"","overlay-opacity":"","overlay-gradient":""}},"footnotes":""},"class_list":["post-1194","page","type-page","status-publish","has-post-thumbnail","hentry"],"acf":[],"uagb_featured_image_src":{"full":["https:\/\/uniquehouses.es\/wp-content\/uploads\/Unique-Houses-Modelo-C-blanca.jpg",1400,656,false],"thumbnail":["https:\/\/uniquehouses.es\/wp-content\/uploads\/Unique-Houses-Modelo-C-blanca-544x255.jpg",544,255,true],"medium":["https:\/\/uniquehouses.es\/wp-content\/uploads\/Unique-Houses-Modelo-C-blanca-768x360.jpg",768,360,true],"medium_large":["https:\/\/uniquehouses.es\/wp-content\/uploads\/Unique-Houses-Modelo-C-blanca-768x360.jpg",768,360,true],"large":["https:\/\/uniquehouses.es\/wp-content\/uploads\/Unique-Houses-Modelo-C-blanca-921x432.jpg",921,432,true],"1536x1536":["https:\/\/uniquehouses.es\/wp-content\/uploads\/Unique-Houses-Modelo-C-blanca.jpg",1400,656,false],"2048x2048":["https:\/\/uniquehouses.es\/wp-content\/uploads\/Unique-Houses-Modelo-C-blanca.jpg",1400,656,false],"gform-image-choice-sm":["https:\/\/uniquehouses.es\/wp-content\/uploads\/Unique-Houses-Modelo-C-blanca.jpg",300,141,false],"gform-image-choice-md":["https:\/\/uniquehouses.es\/wp-content\/uploads\/Unique-Houses-Modelo-C-blanca.jpg",400,187,false],"gform-image-choice-lg":["https:\/\/uniquehouses.es\/wp-content\/uploads\/Unique-Houses-Modelo-C-blanca.jpg",600,281,false]},"uagb_author_info":{"display_name":"luigichereguini","author_link":"https:\/\/uniquehouses.es\/pt-pt\/author\/luigichereguini\/"},"uagb_comment_info":0,"uagb_excerpt":"MODELO C Sua ess\u00eancia est\u00e1 no p\u00e9 direito duplo da sala e nas grandes janelas. A fachada falsa cria um terra\u00e7o sombreado e protege do sol. A fachada falsa cria um terra\u00e7o sombreado e protege do sol.","_links":{"self":[{"href":"https:\/\/uniquehouses.es\/pt-pt\/wp-json\/wp\/v2\/pages\/1194","targetHints":{"allow":["GET"]}}],"collection":[{"href":"https:\/\/uniquehouses.es\/pt-pt\/wp-json\/wp\/v2\/pages"}],"about":[{"href":"https:\/\/uniquehouses.es\/pt-pt\/wp-json\/wp\/v2\/types\/page"}],"author":[{"embeddable":true,"href":"https:\/\/uniquehouses.es\/pt-pt\/wp-json\/wp\/v2\/users\/3"}],"replies":[{"embeddable":true,"href":"https:\/\/uniquehouses.es\/pt-pt\/wp-json\/wp\/v2\/comments?post=1194"}],"version-history":[{"count":0,"href":"https:\/\/uniquehouses.es\/pt-pt\/wp-json\/wp\/v2\/pages\/1194\/revisions"}],"up":[{"embeddable":true,"href":"https:\/\/uniquehouses.es\/pt-pt\/wp-json\/wp\/v2\/pages\/1189"}],"wp:featuredmedia":[{"embeddable":true,"href":"https:\/\/uniquehouses.es\/pt-pt\/wp-json\/wp\/v2\/media\/957"}],"wp:attachment":[{"href":"https:\/\/uniquehouses.es\/pt-pt\/wp-json\/wp\/v2\/media?parent=1194"}],"curies":[{"name":"wp","href":"https:\/\/api.w.org\/{rel}","templated":true}]}}