{"id":1197,"date":"2024-01-15T17:52:00","date_gmt":"2024-01-15T16:52:00","guid":{"rendered":"https:\/\/luiss94.sg-host.com\/modelos\/modelo-f\/"},"modified":"2024-01-15T17:52:00","modified_gmt":"2024-01-15T16:52:00","slug":"modelo-f","status":"publish","type":"page","link":"https:\/\/uniquehouses.es\/pt-pt\/modelos\/modelo-f\/","title":{"rendered":"Modelo F"},"content":{"rendered":"\n<section class=\"wp-block-uagb-container hero hero-proyecto hero-header-transparente uagb-block-3eb13e98 alignfull uagb-is-root-container\"><div class=\"uagb-container-inner-blocks-wrap\"><\/div><\/section>\n\n\n\n<div class=\"wp-block-uagb-container bloque bloque-sub-hero texto-proyecto aparecer-subiendo uagb-block-400943f2 default uagb-is-root-container\">\n<h1 class=\"wp-block-heading\">MODELO F<\/h1>\n\n\n\n<p>Projetado para responder a lotes alongados, entre moradias, tem como caracter\u00edsticas o duplo n\u00edvel da sala e o p\u00e1tio central. O p\u00e1tio faz com que todos os ambientes tenham luz e privacidade, gerando espa\u00e7os diferenciados para sala de estar, sala de jantar e quartos.<\/p>\n<\/div>\n\n\n\n<div class=\"wp-block-uagb-container uagb-block-a838ea52 alignfull uagb-is-root-container\"><div class=\"uagb-container-inner-blocks-wrap\">\n<figure class=\"wp-block-gallery has-nested-images columns-default is-cropped galeria galeria-proyecto wp-block-gallery-1 is-layout-flex wp-block-gallery-is-layout-flex\">\n<figure class=\"wp-block-image size-large\"><a href=\"https:\/\/uniquehouses.es\/wp-content\/uploads\/Unique-Houses-modelo-f-3.jpg\" data-lbwps-width=\"1400\" data-lbwps-height=\"1033\" data-lbwps-srcsmall=\"https:\/\/uniquehouses.es\/wp-content\/uploads\/Unique-Houses-modelo-f-3-544x401.jpg\"><img loading=\"lazy\" decoding=\"async\" width=\"921\" height=\"680\" data-id=\"1008\" src=\"https:\/\/uniquehouses.es\/wp-content\/uploads\/Unique-Houses-modelo-f-3-921x680.jpg\" alt=\"Unique Houses Modelo F 3\" class=\"wp-image-1008\" srcset=\"https:\/\/uniquehouses.es\/wp-content\/uploads\/Unique-Houses-modelo-f-3-921x680.jpg 921w, https:\/\/uniquehouses.es\/wp-content\/uploads\/Unique-Houses-modelo-f-3-768x567.jpg 768w, https:\/\/uniquehouses.es\/wp-content\/uploads\/Unique-Houses-modelo-f-3-544x401.jpg 544w, https:\/\/uniquehouses.es\/wp-content\/uploads\/Unique-Houses-modelo-f-3.jpg 1400w\" sizes=\"auto, (max-width: 921px) 100vw, 921px\" \/><\/a><figcaption class=\"wp-element-caption\">Unique Houses Modelo F 3<\/figcaption><\/figure>\n\n\n\n<figure class=\"wp-block-image size-large\"><a href=\"https:\/\/uniquehouses.es\/wp-content\/uploads\/Unique-Houses-modelo-f-2.jpg\" data-lbwps-width=\"1400\" data-lbwps-height=\"722\" data-lbwps-srcsmall=\"https:\/\/uniquehouses.es\/wp-content\/uploads\/Unique-Houses-modelo-f-2-544x281.jpg\"><img loading=\"lazy\" decoding=\"async\" width=\"921\" height=\"475\" data-id=\"1005\" src=\"https:\/\/uniquehouses.es\/wp-content\/uploads\/Unique-Houses-modelo-f-2-921x475.jpg\" alt=\"Unique Houses Modelo F 2\" class=\"wp-image-1005\" srcset=\"https:\/\/uniquehouses.es\/wp-content\/uploads\/Unique-Houses-modelo-f-2-921x475.jpg 921w, https:\/\/uniquehouses.es\/wp-content\/uploads\/Unique-Houses-modelo-f-2-768x396.jpg 768w, https:\/\/uniquehouses.es\/wp-content\/uploads\/Unique-Houses-modelo-f-2-544x281.jpg 544w, https:\/\/uniquehouses.es\/wp-content\/uploads\/Unique-Houses-modelo-f-2.jpg 1400w\" sizes=\"auto, (max-width: 921px) 100vw, 921px\" \/><\/a><figcaption class=\"wp-element-caption\">Unique Houses Modelo F 2<\/figcaption><\/figure>\n\n\n\n<figure class=\"wp-block-image size-large\"><a href=\"https:\/\/uniquehouses.es\/wp-content\/uploads\/Unique-houses-modelo-f.jpg\" data-lbwps-width=\"1400\" data-lbwps-height=\"721\" data-lbwps-srcsmall=\"https:\/\/uniquehouses.es\/wp-content\/uploads\/Unique-houses-modelo-f-544x280.jpg\"><img loading=\"lazy\" decoding=\"async\" width=\"921\" height=\"474\" data-id=\"1002\" src=\"https:\/\/uniquehouses.es\/wp-content\/uploads\/Unique-houses-modelo-f-921x474.jpg\" alt=\"Unique Houses Modelo F\" class=\"wp-image-1002\" srcset=\"https:\/\/uniquehouses.es\/wp-content\/uploads\/Unique-houses-modelo-f-921x474.jpg 921w, https:\/\/uniquehouses.es\/wp-content\/uploads\/Unique-houses-modelo-f-768x396.jpg 768w, https:\/\/uniquehouses.es\/wp-content\/uploads\/Unique-houses-modelo-f-544x280.jpg 544w, https:\/\/uniquehouses.es\/wp-content\/uploads\/Unique-houses-modelo-f.jpg 1400w\" sizes=\"auto, (max-width: 921px) 100vw, 921px\" \/><\/a><figcaption class=\"wp-element-caption\">Unique Houses Modelo F<\/figcaption><\/figure>\n<\/figure>\n<\/div><\/div>\n","protected":false},"excerpt":{"rendered":"<p>MODELO F Projetado para responder a lotes alongados, entre moradias, tem como caracter\u00edsticas o duplo n\u00edvel da sala e o p\u00e1tio central. O p\u00e1tio faz com que todos os ambientes tenham luz e privacidade, gerando espa\u00e7os diferenciados para sala de estar, sala de jantar e quartos.<\/p>\n","protected":false},"author":3,"featured_media":1010,"parent":1189,"menu_order":0,"comment_status":"closed","ping_status":"closed","template":"","meta":{"_acf_changed":false,"_seopress_robots_primary_cat":"","_seopress_titles_title":"","_seopress_titles_desc":"","_seopress_robots_index":"","inline_featured_image":false,"_uag_custom_page_level_css":"","site-sidebar-layout":"default","site-content-layout":"","ast-site-content-layout":"default","site-content-style":"default","site-sidebar-style":"default","ast-global-header-display":"","ast-banner-title-visibility":"","ast-main-header-display":"","ast-hfb-above-header-display":"","ast-hfb-below-header-display":"","ast-hfb-mobile-header-display":"","site-post-title":"disabled","ast-breadcrumbs-content":"","ast-featured-img":"disabled","footer-sml-layout":"","ast-disable-related-posts":"","theme-transparent-header-meta":"","adv-header-id-meta":"","stick-header-meta":"","header-above-stick-meta":"","header-main-stick-meta":"","header-below-stick-meta":"","astra-migrate-meta-layouts":"default","ast-page-background-enabled":"default","ast-page-background-meta":{"desktop":{"background-color":"var(--ast-global-color-4)","background-image":"","background-repeat":"repeat","background-position":"center center","background-size":"auto","background-attachment":"scroll","background-type":"","background-media":"","overlay-type":"","overlay-color":"","overlay-opacity":"","overlay-gradient":""},"tablet":{"background-color":"","background-image":"","background-repeat":"repeat","background-position":"center center","background-size":"auto","background-attachment":"scroll","background-type":"","background-media":"","overlay-type":"","overlay-color":"","overlay-opacity":"","overlay-gradient":""},"mobile":{"background-color":"","background-image":"","background-repeat":"repeat","background-position":"center center","background-size":"auto","background-attachment":"scroll","background-type":"","background-media":"","overlay-type":"","overlay-color":"","overlay-opacity":"","overlay-gradient":""}},"ast-content-background-meta":{"desktop":{"background-color":"var(--ast-global-color-5)","background-image":"","background-repeat":"repeat","background-position":"center center","background-size":"auto","background-attachment":"scroll","background-type":"","background-media":"","overlay-type":"","overlay-color":"","overlay-opacity":"","overlay-gradient":""},"tablet":{"background-color":"var(--ast-global-color-5)","background-image":"","background-repeat":"repeat","background-position":"center center","background-size":"auto","background-attachment":"scroll","background-type":"","background-media":"","overlay-type":"","overlay-color":"","overlay-opacity":"","overlay-gradient":""},"mobile":{"background-color":"var(--ast-global-color-5)","background-image":"","background-repeat":"repeat","background-position":"center center","background-size":"auto","background-attachment":"scroll","background-type":"","background-media":"","overlay-type":"","overlay-color":"","overlay-opacity":"","overlay-gradient":""}},"footnotes":""},"class_list":["post-1197","page","type-page","status-publish","has-post-thumbnail","hentry"],"acf":[],"uagb_featured_image_src":{"full":["https:\/\/uniquehouses.es\/wp-content\/uploads\/Unique-Houses-modelo-f-3.jpg",1400,1033,false],"thumbnail":["https:\/\/uniquehouses.es\/wp-content\/uploads\/Unique-Houses-modelo-f-3-544x401.jpg",544,401,true],"medium":["https:\/\/uniquehouses.es\/wp-content\/uploads\/Unique-Houses-modelo-f-3-768x567.jpg",768,567,true],"medium_large":["https:\/\/uniquehouses.es\/wp-content\/uploads\/Unique-Houses-modelo-f-3-768x567.jpg",768,567,true],"large":["https:\/\/uniquehouses.es\/wp-content\/uploads\/Unique-Houses-modelo-f-3-921x680.jpg",921,680,true],"1536x1536":["https:\/\/uniquehouses.es\/wp-content\/uploads\/Unique-Houses-modelo-f-3.jpg",1400,1033,false],"2048x2048":["https:\/\/uniquehouses.es\/wp-content\/uploads\/Unique-Houses-modelo-f-3.jpg",1400,1033,false],"gform-image-choice-sm":["https:\/\/uniquehouses.es\/wp-content\/uploads\/Unique-Houses-modelo-f-3.jpg",300,221,false],"gform-image-choice-md":["https:\/\/uniquehouses.es\/wp-content\/uploads\/Unique-Houses-modelo-f-3.jpg",400,295,false],"gform-image-choice-lg":["https:\/\/uniquehouses.es\/wp-content\/uploads\/Unique-Houses-modelo-f-3.jpg",600,443,false]},"uagb_author_info":{"display_name":"luigichereguini","author_link":"https:\/\/uniquehouses.es\/pt-pt\/author\/luigichereguini\/"},"uagb_comment_info":0,"uagb_excerpt":"MODELO F Projetado para responder a lotes alongados, entre moradias, tem como caracter\u00edsticas o duplo n\u00edvel da sala e o p\u00e1tio central. O p\u00e1tio faz com que todos os ambientes tenham luz e privacidade, gerando espa\u00e7os diferenciados para sala de estar, sala de jantar e quartos.","_links":{"self":[{"href":"https:\/\/uniquehouses.es\/pt-pt\/wp-json\/wp\/v2\/pages\/1197","targetHints":{"allow":["GET"]}}],"collection":[{"href":"https:\/\/uniquehouses.es\/pt-pt\/wp-json\/wp\/v2\/pages"}],"about":[{"href":"https:\/\/uniquehouses.es\/pt-pt\/wp-json\/wp\/v2\/types\/page"}],"author":[{"embeddable":true,"href":"https:\/\/uniquehouses.es\/pt-pt\/wp-json\/wp\/v2\/users\/3"}],"replies":[{"embeddable":true,"href":"https:\/\/uniquehouses.es\/pt-pt\/wp-json\/wp\/v2\/comments?post=1197"}],"version-history":[{"count":0,"href":"https:\/\/uniquehouses.es\/pt-pt\/wp-json\/wp\/v2\/pages\/1197\/revisions"}],"up":[{"embeddable":true,"href":"https:\/\/uniquehouses.es\/pt-pt\/wp-json\/wp\/v2\/pages\/1189"}],"wp:featuredmedia":[{"embeddable":true,"href":"https:\/\/uniquehouses.es\/pt-pt\/wp-json\/wp\/v2\/media\/1010"}],"wp:attachment":[{"href":"https:\/\/uniquehouses.es\/pt-pt\/wp-json\/wp\/v2\/media?parent=1197"}],"curies":[{"name":"wp","href":"https:\/\/api.w.org\/{rel}","templated":true}]}}