{"id":1199,"date":"2024-01-15T17:52:57","date_gmt":"2024-01-15T16:52:57","guid":{"rendered":"https:\/\/luiss94.sg-host.com\/modelos\/modelo-g\/"},"modified":"2024-01-15T17:52:57","modified_gmt":"2024-01-15T16:52:57","slug":"modelo-g","status":"publish","type":"page","link":"https:\/\/uniquehouses.es\/pt-pt\/modelos\/modelo-g\/","title":{"rendered":"Modelo G"},"content":{"rendered":"\n<section class=\"wp-block-uagb-container hero hero-proyecto hero-header-transparente uagb-block-054ed53b alignfull uagb-is-root-container\"><div class=\"uagb-container-inner-blocks-wrap\"><\/div><\/section>\n\n\n\n<div class=\"wp-block-uagb-container bloque bloque-sub-hero texto-proyecto aparecer-subiendo uagb-block-9e36ae36 default uagb-is-root-container\">\n<h1 class=\"wp-block-heading\">MODELO G<\/h1>\n\n\n\n<p>Esta \u00e9 a nossa casa com mais metros (390) e mais vers\u00e1til. Resume todas as caracter\u00edsticas da nossa arquitetura: p\u00e9 direito duplo, grandes janelas, p\u00e1tios e fachadas falsas. Pode ser adaptado para um tamanho maior ou menor, dependendo da necessidade do cliente.<\/p>\n<\/div>\n\n\n\n<div class=\"wp-block-uagb-container uagb-block-7d04f35a alignfull uagb-is-root-container\"><div class=\"uagb-container-inner-blocks-wrap\">\n<figure class=\"wp-block-gallery has-nested-images columns-default is-cropped galeria galeria-proyecto wp-block-gallery-1 is-layout-flex wp-block-gallery-is-layout-flex\">\n<figure class=\"wp-block-image size-large\"><a href=\"https:\/\/uniquehouses.es\/wp-content\/uploads\/Unique-houses-modelo-g.jpg\" data-lbwps-width=\"1400\" data-lbwps-height=\"578\" data-lbwps-srcsmall=\"https:\/\/uniquehouses.es\/wp-content\/uploads\/Unique-houses-modelo-g-544x225.jpg\"><img loading=\"lazy\" decoding=\"async\" width=\"921\" height=\"380\" data-id=\"1022\" src=\"https:\/\/uniquehouses.es\/wp-content\/uploads\/Unique-houses-modelo-g-921x380.jpg\" alt=\"Unique Houses Modelo G\" class=\"wp-image-1022\" srcset=\"https:\/\/uniquehouses.es\/wp-content\/uploads\/Unique-houses-modelo-g-921x380.jpg 921w, https:\/\/uniquehouses.es\/wp-content\/uploads\/Unique-houses-modelo-g-768x317.jpg 768w, https:\/\/uniquehouses.es\/wp-content\/uploads\/Unique-houses-modelo-g-544x225.jpg 544w, https:\/\/uniquehouses.es\/wp-content\/uploads\/Unique-houses-modelo-g.jpg 1400w\" sizes=\"auto, (max-width: 921px) 100vw, 921px\" \/><\/a><figcaption class=\"wp-element-caption\">Unique Houses Modelo G<\/figcaption><\/figure>\n\n\n\n<figure class=\"wp-block-image size-large\"><a href=\"https:\/\/uniquehouses.es\/wp-content\/uploads\/Unique-houses-modelo-g-4.jpg\" data-lbwps-width=\"1400\" data-lbwps-height=\"578\" data-lbwps-srcsmall=\"https:\/\/uniquehouses.es\/wp-content\/uploads\/Unique-houses-modelo-g-4-544x225.jpg\"><img loading=\"lazy\" decoding=\"async\" width=\"921\" height=\"380\" data-id=\"1019\" src=\"https:\/\/uniquehouses.es\/wp-content\/uploads\/Unique-houses-modelo-g-4-921x380.jpg\" alt=\"Unique Houses Modelo G 4\" class=\"wp-image-1019\" srcset=\"https:\/\/uniquehouses.es\/wp-content\/uploads\/Unique-houses-modelo-g-4-921x380.jpg 921w, https:\/\/uniquehouses.es\/wp-content\/uploads\/Unique-houses-modelo-g-4-768x317.jpg 768w, https:\/\/uniquehouses.es\/wp-content\/uploads\/Unique-houses-modelo-g-4-544x225.jpg 544w, https:\/\/uniquehouses.es\/wp-content\/uploads\/Unique-houses-modelo-g-4.jpg 1400w\" sizes=\"auto, (max-width: 921px) 100vw, 921px\" \/><\/a><figcaption class=\"wp-element-caption\">Unique Houses Modelo G 4<\/figcaption><\/figure>\n\n\n\n<figure class=\"wp-block-image size-large\"><a href=\"https:\/\/uniquehouses.es\/wp-content\/uploads\/Unique-houses-modelo-g-3-1.jpg\" data-lbwps-width=\"1400\" data-lbwps-height=\"578\" data-lbwps-srcsmall=\"https:\/\/uniquehouses.es\/wp-content\/uploads\/Unique-houses-modelo-g-3-1-544x225.jpg\"><img loading=\"lazy\" decoding=\"async\" width=\"921\" height=\"380\" data-id=\"1016\" src=\"https:\/\/uniquehouses.es\/wp-content\/uploads\/Unique-houses-modelo-g-3-1-921x380.jpg\" alt=\"Unique Houses Modelo G 3 1\" class=\"wp-image-1016\" srcset=\"https:\/\/uniquehouses.es\/wp-content\/uploads\/Unique-houses-modelo-g-3-1-921x380.jpg 921w, https:\/\/uniquehouses.es\/wp-content\/uploads\/Unique-houses-modelo-g-3-1-768x317.jpg 768w, https:\/\/uniquehouses.es\/wp-content\/uploads\/Unique-houses-modelo-g-3-1-544x225.jpg 544w, https:\/\/uniquehouses.es\/wp-content\/uploads\/Unique-houses-modelo-g-3-1.jpg 1400w\" sizes=\"auto, (max-width: 921px) 100vw, 921px\" \/><\/a><figcaption class=\"wp-element-caption\">Unique Houses Modelo G 3 1<\/figcaption><\/figure>\n\n\n\n<figure class=\"wp-block-image size-large\"><a href=\"https:\/\/uniquehouses.es\/wp-content\/uploads\/Unique-houses-modelo-g-2-1.jpg\" data-lbwps-width=\"1400\" data-lbwps-height=\"578\" data-lbwps-srcsmall=\"https:\/\/uniquehouses.es\/wp-content\/uploads\/Unique-houses-modelo-g-2-1-544x225.jpg\"><img loading=\"lazy\" decoding=\"async\" width=\"921\" height=\"380\" data-id=\"1013\" src=\"https:\/\/uniquehouses.es\/wp-content\/uploads\/Unique-houses-modelo-g-2-1-921x380.jpg\" alt=\"Unique Houses Modelo G 2 1\" class=\"wp-image-1013\" srcset=\"https:\/\/uniquehouses.es\/wp-content\/uploads\/Unique-houses-modelo-g-2-1-921x380.jpg 921w, https:\/\/uniquehouses.es\/wp-content\/uploads\/Unique-houses-modelo-g-2-1-768x317.jpg 768w, https:\/\/uniquehouses.es\/wp-content\/uploads\/Unique-houses-modelo-g-2-1-544x225.jpg 544w, https:\/\/uniquehouses.es\/wp-content\/uploads\/Unique-houses-modelo-g-2-1.jpg 1400w\" sizes=\"auto, (max-width: 921px) 100vw, 921px\" \/><\/a><figcaption class=\"wp-element-caption\">Unique Houses Modelo G 2 1<\/figcaption><\/figure>\n<\/figure>\n<\/div><\/div>\n","protected":false},"excerpt":{"rendered":"<p>MODELO G Esta \u00e9 a nossa casa com mais metros (390) e mais vers\u00e1til. Resume todas as caracter\u00edsticas da nossa arquitetura: p\u00e9 direito duplo, grandes janelas, p\u00e1tios e fachadas falsas. Pode ser adaptado para um tamanho maior ou menor, dependendo da necessidade do cliente.<\/p>\n","protected":false},"author":3,"featured_media":1018,"parent":1189,"menu_order":0,"comment_status":"closed","ping_status":"closed","template":"","meta":{"_acf_changed":false,"_seopress_robots_primary_cat":"","_seopress_titles_title":"","_seopress_titles_desc":"","_seopress_robots_index":"","inline_featured_image":false,"_uag_custom_page_level_css":"","site-sidebar-layout":"default","site-content-layout":"","ast-site-content-layout":"default","site-content-style":"default","site-sidebar-style":"default","ast-global-header-display":"","ast-banner-title-visibility":"","ast-main-header-display":"","ast-hfb-above-header-display":"","ast-hfb-below-header-display":"","ast-hfb-mobile-header-display":"","site-post-title":"disabled","ast-breadcrumbs-content":"","ast-featured-img":"disabled","footer-sml-layout":"","ast-disable-related-posts":"","theme-transparent-header-meta":"","adv-header-id-meta":"","stick-header-meta":"","header-above-stick-meta":"","header-main-stick-meta":"","header-below-stick-meta":"","astra-migrate-meta-layouts":"default","ast-page-background-enabled":"default","ast-page-background-meta":{"desktop":{"background-color":"var(--ast-global-color-4)","background-image":"","background-repeat":"repeat","background-position":"center center","background-size":"auto","background-attachment":"scroll","background-type":"","background-media":"","overlay-type":"","overlay-color":"","overlay-opacity":"","overlay-gradient":""},"tablet":{"background-color":"","background-image":"","background-repeat":"repeat","background-position":"center center","background-size":"auto","background-attachment":"scroll","background-type":"","background-media":"","overlay-type":"","overlay-color":"","overlay-opacity":"","overlay-gradient":""},"mobile":{"background-color":"","background-image":"","background-repeat":"repeat","background-position":"center center","background-size":"auto","background-attachment":"scroll","background-type":"","background-media":"","overlay-type":"","overlay-color":"","overlay-opacity":"","overlay-gradient":""}},"ast-content-background-meta":{"desktop":{"background-color":"var(--ast-global-color-5)","background-image":"","background-repeat":"repeat","background-position":"center center","background-size":"auto","background-attachment":"scroll","background-type":"","background-media":"","overlay-type":"","overlay-color":"","overlay-opacity":"","overlay-gradient":""},"tablet":{"background-color":"var(--ast-global-color-5)","background-image":"","background-repeat":"repeat","background-position":"center center","background-size":"auto","background-attachment":"scroll","background-type":"","background-media":"","overlay-type":"","overlay-color":"","overlay-opacity":"","overlay-gradient":""},"mobile":{"background-color":"var(--ast-global-color-5)","background-image":"","background-repeat":"repeat","background-position":"center center","background-size":"auto","background-attachment":"scroll","background-type":"","background-media":"","overlay-type":"","overlay-color":"","overlay-opacity":"","overlay-gradient":""}},"footnotes":""},"class_list":["post-1199","page","type-page","status-publish","has-post-thumbnail","hentry"],"acf":[],"uagb_featured_image_src":{"full":["https:\/\/uniquehouses.es\/wp-content\/uploads\/Unique-houses-modelo-g-3-1.jpg",1400,578,false],"thumbnail":["https:\/\/uniquehouses.es\/wp-content\/uploads\/Unique-houses-modelo-g-3-1-544x225.jpg",544,225,true],"medium":["https:\/\/uniquehouses.es\/wp-content\/uploads\/Unique-houses-modelo-g-3-1-768x317.jpg",768,317,true],"medium_large":["https:\/\/uniquehouses.es\/wp-content\/uploads\/Unique-houses-modelo-g-3-1-768x317.jpg",768,317,true],"large":["https:\/\/uniquehouses.es\/wp-content\/uploads\/Unique-houses-modelo-g-3-1-921x380.jpg",921,380,true],"1536x1536":["https:\/\/uniquehouses.es\/wp-content\/uploads\/Unique-houses-modelo-g-3-1.jpg",1400,578,false],"2048x2048":["https:\/\/uniquehouses.es\/wp-content\/uploads\/Unique-houses-modelo-g-3-1.jpg",1400,578,false],"gform-image-choice-sm":["https:\/\/uniquehouses.es\/wp-content\/uploads\/Unique-houses-modelo-g-3-1.jpg",300,124,false],"gform-image-choice-md":["https:\/\/uniquehouses.es\/wp-content\/uploads\/Unique-houses-modelo-g-3-1.jpg",400,165,false],"gform-image-choice-lg":["https:\/\/uniquehouses.es\/wp-content\/uploads\/Unique-houses-modelo-g-3-1.jpg",600,248,false]},"uagb_author_info":{"display_name":"luigichereguini","author_link":"https:\/\/uniquehouses.es\/pt-pt\/author\/luigichereguini\/"},"uagb_comment_info":0,"uagb_excerpt":"MODELO G Esta \u00e9 a nossa casa com mais metros (390) e mais vers\u00e1til. Resume todas as caracter\u00edsticas da nossa arquitetura: p\u00e9 direito duplo, grandes janelas, p\u00e1tios e fachadas falsas. Pode ser adaptado para um tamanho maior ou menor, dependendo da necessidade do cliente.","_links":{"self":[{"href":"https:\/\/uniquehouses.es\/pt-pt\/wp-json\/wp\/v2\/pages\/1199","targetHints":{"allow":["GET"]}}],"collection":[{"href":"https:\/\/uniquehouses.es\/pt-pt\/wp-json\/wp\/v2\/pages"}],"about":[{"href":"https:\/\/uniquehouses.es\/pt-pt\/wp-json\/wp\/v2\/types\/page"}],"author":[{"embeddable":true,"href":"https:\/\/uniquehouses.es\/pt-pt\/wp-json\/wp\/v2\/users\/3"}],"replies":[{"embeddable":true,"href":"https:\/\/uniquehouses.es\/pt-pt\/wp-json\/wp\/v2\/comments?post=1199"}],"version-history":[{"count":0,"href":"https:\/\/uniquehouses.es\/pt-pt\/wp-json\/wp\/v2\/pages\/1199\/revisions"}],"up":[{"embeddable":true,"href":"https:\/\/uniquehouses.es\/pt-pt\/wp-json\/wp\/v2\/pages\/1189"}],"wp:featuredmedia":[{"embeddable":true,"href":"https:\/\/uniquehouses.es\/pt-pt\/wp-json\/wp\/v2\/media\/1018"}],"wp:attachment":[{"href":"https:\/\/uniquehouses.es\/pt-pt\/wp-json\/wp\/v2\/media?parent=1199"}],"curies":[{"name":"wp","href":"https:\/\/api.w.org\/{rel}","templated":true}]}}