{"id":1201,"date":"2024-01-15T18:03:33","date_gmt":"2024-01-15T17:03:33","guid":{"rendered":"https:\/\/luiss94.sg-host.com\/visiao\/"},"modified":"2024-01-15T18:03:33","modified_gmt":"2024-01-15T17:03:33","slug":"visiao","status":"publish","type":"page","link":"https:\/\/uniquehouses.es\/pt-pt\/visiao\/","title":{"rendered":"Visiao"},"content":{"rendered":"\n<div class=\"wp-block-uagb-container uagb-block-fd963a29 alignfull uagb-is-root-container\"><div class=\"uagb-container-inner-blocks-wrap\"><\/div><\/div>\n\n\n\n<div class=\"wp-block-uagb-container bloque bloque-sub-hero texto-proyecto aparecer-subiendo uagb-block-b31de687 default uagb-is-root-container\">\n<h1 class=\"wp-block-heading\">ARQUITETURA IND\u00daSTRIA ARTESANATO<\/h1>\n\n\n\n<h2 class=\"wp-block-heading\">Uni\u00e3o entre arquitetura e artesanato<\/h2>\n\n\n\n<p>Em Unique Houses, entendemos o design e a constru\u00e7\u00e3o como um todo indissol\u00favel. Construir os projetos que projetamos permite-nos controlar cada processo, cada acabamento, oferecendo um servi\u00e7o exclusivo aos nossos clientes.<\/p>\n\n\n\n<h2 class=\"wp-block-heading\">Um processo integrado<\/h2>\n\n\n\n<p>Design e constru\u00e7\u00e3o de m\u00e3o dada. Baseado numa longa carreira como arquiteto de casas \u00fanicas, Javier de la Calzada dirige e lidera Unique Houses, uma empresa que projeta e constr\u00f3i os seus projetos. A unifica\u00e7\u00e3o do processo d\u00e1-nos o controle sobre nossos acabamentos e permite-nos oferecer um servi\u00e7o exclusivo aos nossos clientes. Projeta-se pensando na maneira mais eficaz de construir, e a qualidade, o pre\u00e7o e o tempo s\u00e3o levados em conta, acompanhando o cliente durante todo o processo.<\/p>\n\n\n\n<p>N\u00f3s personalizamos nossas casas, adaptando a nossa arquitetura \u00e0s necessidades dos nossos clientes.<\/p>\n\n\n\n<figure class=\"wp-block-image\"><img decoding=\"async\" src=\"https:\/\/uniquehouses.es\/wp-content\/uploads\/Unique-Houses-Modelo-A-Blanca.jpg\" alt=\"Unique Houses Modelo A Blanca\" class=\"wp-image-660\" title=\"Unique Houses Modelo A Blanca\"><\/figure>\n\n\n\n<h2 class=\"wp-block-heading\">Industrializa\u00e7\u00e3o<\/h2>\n\n\n\n<p>Integramos a industrializa\u00e7\u00e3o, pois ajuda a tornar o processo de constru\u00e7\u00e3o mais eficiente. O acabamento do nosso bet\u00e3o \u00e9 controlado na f\u00e1brica, e a qualidade da sua execu\u00e7\u00e3o garante-nos resultados com os mais altos padr\u00f5es de qualidade, melhorando a constru\u00e7\u00e3o in situ ou tradicional.<\/p>\n\n\n\n<p>O nosso ponto de partida \u00e9 um&nbsp; <a href=\"\/modelos\" data-type=\"URL\" data-id=\"\/modelos\">modelo padr\u00e3o modular<\/a> &nbsp;extremamente flex\u00edvel que adaptamos e personalizamos de acordo com as caracter\u00edsticas do terreno e as necessidades e gostos do cliente.<\/p>\n\n\n\n<p>A combina\u00e7\u00e3o do processo industrializado com a modularidade do design permite-nos criar casas \u00fanicas e personalizadas, adaptadas ao modo de vida do cliente, mas extremamente r\u00e1pidas de construir.<\/p>\n\n\n\n<div class=\"wp-block-uagb-buttons uagb-buttons__outer-wrap uagb-btn__default-btn uagb-btn-tablet__default-btn uagb-btn-mobile__default-btn uagb-block-15e7e273\"><div class=\"uagb-buttons__wrap uagb-buttons-layout-wrap\">\n<div class=\"wp-block-uagb-buttons-child uagb-buttons__outer-wrap uagb-block-6700e3b1 wp-block-button is-style-outline\"><div class=\"uagb-button__wrapper\"><a class=\"uagb-buttons-repeater wp-block-button__link has-background has-text-color\" href=\"\/modelos\" rel=\"follow noopener\" target=\"_self\"><div class=\"uagb-button__link\">CONHE\u00c7A OS NOSSOS MODELOS<\/div><span class=\"uagb-button__icon uagb-button__icon-position-after\"><svg xmlns=\"https:\/\/www.w3.org\/2000\/svg\" viewbox=\"0 0 448 512\"><path d=\"M438.6 278.6l-160 160C272.4 444.9 264.2 448 256 448s-16.38-3.125-22.62-9.375c-12.5-12.5-12.5-32.75 0-45.25L338.8 288H32C14.33 288 .0016 273.7 .0016 256S14.33 224 32 224h306.8l-105.4-105.4c-12.5-12.5-12.5-32.75 0-45.25s32.75-12.5 45.25 0l160 160C451.1 245.9 451.1 266.1 438.6 278.6z\"><\/path><\/svg><\/span><\/a><\/div><\/div>\n<\/div><\/div>\n\n\n\n<h2 class=\"wp-block-heading\">Ind\u00fastria e artesanato, o novo luxo<\/h2>\n\n\n\n<p>A nossa vis\u00e3o \u00e9 integrar a ind\u00fastria e artesanato para que as nossas casas sejam \u00fanicas e respondam \u00e0 nossa vis\u00e3o da nova arquitetura.<\/p>\n\n\n\n<p>Oferecemos aos nossos clientes o novo luxo: design \/ ind\u00fastria \/ artesanato, com acabamentos exclusivos feitos pela nossa equipa em materiais nobres como bet\u00e3o, ferro ou madeira.<\/p>\n\n\n\n<h2 class=\"wp-block-heading\">Efici\u00eancia energ\u00e9tica<\/h2>\n\n\n\n<p>As nossas casas est\u00e3o preparadas para o futuro e a efici\u00eancia energ\u00e9tica n\u00e3o \u00e9 apenas uma necessidade econ\u00f3mica, mas uma forma de estar no mundo.<\/p>\n\n\n\n<p>Integramos nos nossos processos &#8211; desde o projeto da casa at\u00e9 \u00e0 constru\u00e7\u00e3o &#8211; a minimiza\u00e7\u00e3o do gasto energ\u00e9tico em cada casa.<\/p>\n\n\n\n<p>O nosso departamento de efici\u00eancia estuda, ao longo do processo, a orienta\u00e7\u00e3o da casa, o isolamento refor\u00e7ado, a ventila\u00e7\u00e3o for\u00e7ada ou o uso de energia aerot\u00e9rmica.<\/p>\n<\/div>\n","protected":false},"excerpt":{"rendered":"<p>ARQUITETURA IND\u00daSTRIA ARTESANATO Uni\u00e3o entre arquitetura e artesanato Em Unique Houses, entendemos o design e a constru\u00e7\u00e3o como um todo indissol\u00favel. Construir os projetos que projetamos permite-nos controlar cada processo, cada acabamento, oferecendo um servi\u00e7o exclusivo aos nossos clientes. Um processo integrado Design e constru\u00e7\u00e3o de m\u00e3o dada. Baseado numa longa carreira como arquiteto de [&hellip;]<\/p>\n","protected":false},"author":3,"featured_media":0,"parent":0,"menu_order":0,"comment_status":"closed","ping_status":"closed","template":"","meta":{"_acf_changed":false,"_seopress_robots_primary_cat":"","_seopress_titles_title":"","_seopress_titles_desc":"","_seopress_robots_index":"","inline_featured_image":false,"_uag_custom_page_level_css":"","site-sidebar-layout":"default","site-content-layout":"","ast-site-content-layout":"default","site-content-style":"default","site-sidebar-style":"default","ast-global-header-display":"","ast-banner-title-visibility":"","ast-main-header-display":"","ast-hfb-above-header-display":"","ast-hfb-below-header-display":"","ast-hfb-mobile-header-display":"","site-post-title":"disabled","ast-breadcrumbs-content":"","ast-featured-img":"","footer-sml-layout":"","ast-disable-related-posts":"","theme-transparent-header-meta":"","adv-header-id-meta":"","stick-header-meta":"","header-above-stick-meta":"","header-main-stick-meta":"","header-below-stick-meta":"","astra-migrate-meta-layouts":"default","ast-page-background-enabled":"default","ast-page-background-meta":{"desktop":{"background-color":"var(--ast-global-color-4)","background-image":"","background-repeat":"repeat","background-position":"center center","background-size":"auto","background-attachment":"scroll","background-type":"","background-media":"","overlay-type":"","overlay-color":"","overlay-opacity":"","overlay-gradient":""},"tablet":{"background-color":"","background-image":"","background-repeat":"repeat","background-position":"center center","background-size":"auto","background-attachment":"scroll","background-type":"","background-media":"","overlay-type":"","overlay-color":"","overlay-opacity":"","overlay-gradient":""},"mobile":{"background-color":"","background-image":"","background-repeat":"repeat","background-position":"center center","background-size":"auto","background-attachment":"scroll","background-type":"","background-media":"","overlay-type":"","overlay-color":"","overlay-opacity":"","overlay-gradient":""}},"ast-content-background-meta":{"desktop":{"background-color":"var(--ast-global-color-5)","background-image":"","background-repeat":"repeat","background-position":"center center","background-size":"auto","background-attachment":"scroll","background-type":"","background-media":"","overlay-type":"","overlay-color":"","overlay-opacity":"","overlay-gradient":""},"tablet":{"background-color":"var(--ast-global-color-5)","background-image":"","background-repeat":"repeat","background-position":"center center","background-size":"auto","background-attachment":"scroll","background-type":"","background-media":"","overlay-type":"","overlay-color":"","overlay-opacity":"","overlay-gradient":""},"mobile":{"background-color":"var(--ast-global-color-5)","background-image":"","background-repeat":"repeat","background-position":"center center","background-size":"auto","background-attachment":"scroll","background-type":"","background-media":"","overlay-type":"","overlay-color":"","overlay-opacity":"","overlay-gradient":""}},"footnotes":""},"class_list":["post-1201","page","type-page","status-publish","hentry"],"acf":[],"uagb_featured_image_src":{"full":false,"thumbnail":false,"medium":false,"medium_large":false,"large":false,"1536x1536":false,"2048x2048":false,"gform-image-choice-sm":false,"gform-image-choice-md":false,"gform-image-choice-lg":false},"uagb_author_info":{"display_name":"luigichereguini","author_link":"https:\/\/uniquehouses.es\/pt-pt\/author\/luigichereguini\/"},"uagb_comment_info":0,"uagb_excerpt":"ARQUITETURA IND\u00daSTRIA ARTESANATO Uni\u00e3o entre arquitetura e artesanato Em Unique Houses, entendemos o design e a constru\u00e7\u00e3o como um todo indissol\u00favel. Construir os projetos que projetamos permite-nos controlar cada processo, cada acabamento, oferecendo um servi\u00e7o exclusivo aos nossos clientes. Um processo integrado Design e constru\u00e7\u00e3o de m\u00e3o dada. Baseado numa longa carreira como arquiteto de&hellip;","_links":{"self":[{"href":"https:\/\/uniquehouses.es\/pt-pt\/wp-json\/wp\/v2\/pages\/1201","targetHints":{"allow":["GET"]}}],"collection":[{"href":"https:\/\/uniquehouses.es\/pt-pt\/wp-json\/wp\/v2\/pages"}],"about":[{"href":"https:\/\/uniquehouses.es\/pt-pt\/wp-json\/wp\/v2\/types\/page"}],"author":[{"embeddable":true,"href":"https:\/\/uniquehouses.es\/pt-pt\/wp-json\/wp\/v2\/users\/3"}],"replies":[{"embeddable":true,"href":"https:\/\/uniquehouses.es\/pt-pt\/wp-json\/wp\/v2\/comments?post=1201"}],"version-history":[{"count":0,"href":"https:\/\/uniquehouses.es\/pt-pt\/wp-json\/wp\/v2\/pages\/1201\/revisions"}],"wp:attachment":[{"href":"https:\/\/uniquehouses.es\/pt-pt\/wp-json\/wp\/v2\/media?parent=1201"}],"curies":[{"name":"wp","href":"https:\/\/api.w.org\/{rel}","templated":true}]}}